{"id":408,"date":"2017-08-27T19:11:21","date_gmt":"2017-08-27T22:11:21","guid":{"rendered":"https:\/\/jcpublish.com.br\/fusco\/?page_id=408"},"modified":"2024-08-16T11:48:03","modified_gmt":"2024-08-16T14:48:03","slug":"sobre","status":"publish","type":"page","link":"https:\/\/fuscocaminhoes.com.br\/?page_id=408","title":{"rendered":"Sobre"},"content":{"rendered":"<p>Tudo come\u00e7ou com o Patriarca da fam\u00edlia, o Senhor Jos\u00e9 Fusco. Hoje, atrav\u00e9s de seus filhos e netos, a tradi\u00e7\u00e3o continua, e a fam\u00edlia possui v\u00e1rias revendas na regi\u00e3o de S\u00e3o Paulo.<\/p>\n<p><strong>Loja: <\/strong>Av. Salim Farah Maluf, 2600 &#8211; SP\/SP<br \/>\n<strong>Dep\u00f3sito: <\/strong>R. Florindo Br\u00e1s, 147 &#8211; SP\/SP<\/p>\n<p>Precisando de uma solu\u00e7\u00e3o ou querendo comprar um caminh\u00e3o, conte com a m\u00e1xima transpar\u00eancia e aten\u00e7\u00e3o de atendente especializado.<\/p>\n<p>Somos especializados na compra, e vendas de caminh\u00f5es, prestamos toda assessoria necess\u00e1ria \u00e0 realiza\u00e7\u00e3o de uma transa\u00e7\u00e3o segura e tranquila, com acompanhamento operacional de qualidade.<\/p>\n<p>Reconhecidos pela \u00e9tica profissional e transpar\u00eancia no mercado de revendas de ve\u00edculos, oferecemos a nossos clientes um atendimento personalizado, resultando em seguran\u00e7a e satisfa\u00e7\u00e3o a todos os neg\u00f3cios realizados.<\/p>\n<p>Possu\u00edmos profissionais capacitados e diferenciados para uma total efici\u00eancia e garantia nas intermedia\u00e7\u00f5es ve\u00edculos.<br \/>\nTemos as melhores oportunidades de caminh\u00f5es para voc\u00ea.<\/p>\n<h2>Satisfa\u00e7\u00e3o Esse \u00e9 o maior sentimento que buscamos proporcionar aos nossos clientes.<\/h2>\n","protected":false},"excerpt":{"rendered":"<p>Tudo come\u00e7ou com o Patriarca da fam\u00edlia, o Senhor Jos\u00e9 Fusco. Hoje, atrav\u00e9s de seus filhos e netos, a tradi\u00e7\u00e3o continua, e a fam\u00edlia possui v\u00e1rias revendas na regi\u00e3o de S\u00e3o Paulo. Loja: Av. Salim Farah Maluf, 2600 &#8211; SP\/SP Dep\u00f3sito: R. Florindo Br\u00e1s, 147 &#8211; SP\/SP Precisando de uma solu\u00e7\u00e3o ou querendo comprar um [&hellip;]<\/p>\n","protected":false},"author":2,"featured_media":0,"parent":0,"menu_order":0,"comment_status":"closed","ping_status":"closed","template":"","meta":{"footnotes":""},"class_list":["post-408","page","type-page","status-publish","hentry"],"_links":{"self":[{"href":"https:\/\/fuscocaminhoes.com.br\/index.php?rest_route=\/wp\/v2\/pages\/408","targetHints":{"allow":["GET"]}}],"collection":[{"href":"https:\/\/fuscocaminhoes.com.br\/index.php?rest_route=\/wp\/v2\/pages"}],"about":[{"href":"https:\/\/fuscocaminhoes.com.br\/index.php?rest_route=\/wp\/v2\/types\/page"}],"author":[{"embeddable":true,"href":"https:\/\/fuscocaminhoes.com.br\/index.php?rest_route=\/wp\/v2\/users\/2"}],"replies":[{"embeddable":true,"href":"https:\/\/fuscocaminhoes.com.br\/index.php?rest_route=%2Fwp%2Fv2%2Fcomments&post=408"}],"version-history":[{"count":6,"href":"https:\/\/fuscocaminhoes.com.br\/index.php?rest_route=\/wp\/v2\/pages\/408\/revisions"}],"predecessor-version":[{"id":549,"href":"https:\/\/fuscocaminhoes.com.br\/index.php?rest_route=\/wp\/v2\/pages\/408\/revisions\/549"}],"wp:attachment":[{"href":"https:\/\/fuscocaminhoes.com.br\/index.php?rest_route=%2Fwp%2Fv2%2Fmedia&parent=408"}],"curies":[{"name":"wp","href":"https:\/\/api.w.org\/{rel}","templated":true}]}}